{"id":2474,"date":"2025-01-30T16:35:51","date_gmt":"2025-01-30T13:35:51","guid":{"rendered":"https:\/\/vivabilgisayar.net\/?page_id=2474"},"modified":"2025-01-30T17:18:09","modified_gmt":"2025-01-30T14:18:09","slug":"hizmetlerimiz","status":"publish","type":"page","link":"https:\/\/vivabilgisayar.net\/index.php\/hizmetlerimiz\/","title":{"rendered":"Hizmetlerimiz"},"content":{"rendered":"\t\t<div data-elementor-type=\"wp-page\" data-elementor-id=\"2474\" class=\"elementor elementor-2474\">\n\t\t\t\t\t\t<section class=\"elementor-section elementor-top-section elementor-element elementor-element-b7300a3 elementor-section-full_width elementor-section-height-default elementor-section-height-default\" data-id=\"b7300a3\" data-element_type=\"section\">\n\t\t\t\t\t\t<div class=\"elementor-container elementor-column-gap-no\">\n\t\t\t\t\t<div class=\"elementor-column elementor-col-100 elementor-top-column elementor-element elementor-element-fd0706f\" data-id=\"fd0706f\" data-element_type=\"column\">\n\t\t\t<div class=\"elementor-widget-wrap elementor-element-populated\">\n\t\t\t\t\t\t<div class=\"elementor-element elementor-element-5aa6be2 elementor-absolute elementor-widget elementor-widget-image\" data-id=\"5aa6be2\" data-element_type=\"widget\" data-settings=\"{&quot;_position&quot;:&quot;absolute&quot;}\" data-widget_type=\"image.default\">\n\t\t\t\t<div class=\"elementor-widget-container\">\n\t\t\t\t\t\t\t\t\t\t\t\t\t\t\t<img fetchpriority=\"high\" decoding=\"async\" width=\"323\" height=\"1024\" src=\"https:\/\/vivabilgisayar.net\/wp-content\/uploads\/2022\/03\/ser_shap_l-323x1024.png\" class=\"attachment-large size-large wp-image-320\" alt=\"\" \/>\t\t\t\t\t\t\t\t\t\t\t\t\t\t\t<\/div>\n\t\t\t\t<\/div>\n\t\t\t\t<div class=\"elementor-element elementor-element-aae2321 elementor-absolute elementor-widget elementor-widget-image\" data-id=\"aae2321\" data-element_type=\"widget\" data-settings=\"{&quot;_position&quot;:&quot;absolute&quot;}\" data-widget_type=\"image.default\">\n\t\t\t\t<div class=\"elementor-widget-container\">\n\t\t\t\t\t\t\t\t\t\t\t\t\t\t\t<img decoding=\"async\" width=\"217\" height=\"826\" src=\"https:\/\/vivabilgisayar.net\/wp-content\/uploads\/2022\/03\/ser_shap_r.png\" class=\"attachment-large size-large wp-image-321\" alt=\"\" \/>\t\t\t\t\t\t\t\t\t\t\t\t\t\t\t<\/div>\n\t\t\t\t<\/div>\n\t\t\t\t<section class=\"elementor-section elementor-inner-section elementor-element elementor-element-c501706 elementor-section-boxed elementor-section-height-default elementor-section-height-default\" data-id=\"c501706\" data-element_type=\"section\">\n\t\t\t\t\t\t<div class=\"elementor-container elementor-column-gap-default\">\n\t\t\t\t\t<div class=\"elementor-column elementor-col-100 elementor-inner-column elementor-element elementor-element-00bdead\" data-id=\"00bdead\" data-element_type=\"column\">\n\t\t\t<div class=\"elementor-widget-wrap elementor-element-populated\">\n\t\t\t\t\t\t<div class=\"elementor-element elementor-element-8a19849 elementor-widget elementor-widget-iteck-heading\" data-id=\"8a19849\" data-element_type=\"widget\" data-widget_type=\"iteck-heading.default\">\n\t\t\t\t<div class=\"elementor-widget-container\">\n\t\t\t\t\t<h6 class=\"iteck-heading\">H\u0130ZMETLER\u0130M\u0130Z<\/h6>\t\t\t\t<\/div>\n\t\t\t\t<\/div>\n\t\t\t\t<div class=\"elementor-element elementor-element-bad7346 elementor-widget elementor-widget-iteck-heading\" data-id=\"bad7346\" data-element_type=\"widget\" data-widget_type=\"iteck-heading.default\">\n\t\t\t\t<div class=\"elementor-widget-container\">\n\t\t\t\t\t<h2 class=\"iteck-heading\"><strong> Profesyonel \u00c7\u00f6z\u00fcmlerle  <\/strong>Dijitalde \u00d6ne \u00c7\u0131k\u0131n!<\/h2>\t\t\t\t<\/div>\n\t\t\t\t<\/div>\n\t\t\t\t\t<\/div>\n\t\t<\/div>\n\t\t\t\t\t<\/div>\n\t\t<\/section>\n\t\t\t\t<section class=\"elementor-section elementor-inner-section elementor-element elementor-element-361a800 elementor-section-boxed elementor-section-height-default elementor-section-height-default\" data-id=\"361a800\" data-element_type=\"section\">\n\t\t\t\t\t\t<div class=\"elementor-container elementor-column-gap-default\">\n\t\t\t\t\t<div class=\"elementor-column elementor-col-33 elementor-inner-column elementor-element elementor-element-bc05946\" data-id=\"bc05946\" data-element_type=\"column\">\n\t\t\t<div class=\"elementor-widget-wrap elementor-element-populated\">\n\t\t\t\t\t\t<div class=\"elementor-element elementor-element-96473e3 elementor-widget elementor-widget-iteck-infobox\" data-id=\"96473e3\" data-element_type=\"widget\" data-widget_type=\"iteck-infobox.default\">\n\t\t\t\t<div class=\"elementor-widget-container\">\n\t\t\t\t\t\t\t<div class=\"iteck-info-box\">\r\n\t\t\t<div class=\"service_box\">\r\n\t\t\t\t\t\t\t\t<h5 >\r\n\t\t\t\t\t<a href=\"\" >Kurumsal Web Tasar\u0131m<\/a> \r\n\t\t\t\t\t\t\t\t\t\t\t<span class=\"num\">01<\/span>\r\n\t\t\t\t\t\t\t\t\t<\/h5>\r\n\t\t\t\t\t\t\t\t<div class=\"icon\">\r\n\t\t\t\t\t\t\t\t\t\t\t<img decoding=\"async\" src=\"https:\/\/vivabilgisayar.net\/wp-content\/uploads\/2025\/01\/webtasarim.png\" alt=\"\">\r\n\t\t\t\t\t\t\t\t\t<\/div>\r\n\t\t\t\t\t\t\t\t<div class=\"info\">\r\n\t\t\t\t\t<div class=\"text\">Viva Bilgisayar olarak, modern, mobil uyumlu ve SEO dostu web siteleriyle markan\u0131z\u0131n dijital d\u00fcnyada g\u00fc\u00e7l\u00fc bir yer edinmesini sa\u011fl\u0131yoruz. Her cihazda m\u00fckemmel \u00e7al\u0131\u015fan, kullan\u0131c\u0131 dostu aray\u00fczlerle ziyaret\u00e7ilerinizin deneyimini en \u00fcst seviyeye \u00e7\u0131kar\u0131yoruz. <\/div>\r\n\t\t\t\t\t\t\t\t\t\t<div class=\"tags\">\r\n\t\t\t\t\t\t\t\t\t\t\t\t\t<a href=\"\" >#WebTasar\u0131m<\/a>\r\n\t\t\t\t\t\t\t\t\t\t\t\t\t<a href=\"\" >#KurumsalWeb\u00c7\u00f6z\u00fcmleri<\/a>\r\n\t\t\t\t\t\t\t\t\t\t\t\t\t<a href=\"\" >#DijitalKimlikYaratma<\/a>\r\n\t\t\t\t\t\t\t\t\t\t\t<\/div>\r\n\t\t\t\t<\/div>\r\n\t\t\t\t\t\t\t<\/div>\r\n\t\t\t\t\t<\/div>\r\n\t\t\t\t\t\t<\/div>\n\t\t\t\t<\/div>\n\t\t\t\t\t<\/div>\n\t\t<\/div>\n\t\t\t\t<div class=\"elementor-column elementor-col-33 elementor-inner-column elementor-element elementor-element-533086f\" data-id=\"533086f\" data-element_type=\"column\">\n\t\t\t<div class=\"elementor-widget-wrap elementor-element-populated\">\n\t\t\t\t\t\t<div class=\"elementor-element elementor-element-5bc1453 elementor-widget elementor-widget-iteck-infobox\" data-id=\"5bc1453\" data-element_type=\"widget\" data-widget_type=\"iteck-infobox.default\">\n\t\t\t\t<div class=\"elementor-widget-container\">\n\t\t\t\t\t\t\t<div class=\"iteck-info-box\">\r\n\t\t\t<div class=\"service_box\">\r\n\t\t\t\t\t\t\t\t<h5 >\r\n\t\t\t\t\t<a href=\"\" >E-Ticaret \u00c7\u00f6z\u00fcmleri<\/a> \r\n\t\t\t\t\t\t\t\t\t\t\t<span class=\"num\">02<\/span>\r\n\t\t\t\t\t\t\t\t\t<\/h5>\r\n\t\t\t\t\t\t\t\t<div class=\"icon\">\r\n\t\t\t\t\t\t\t\t\t\t\t<img decoding=\"async\" src=\"https:\/\/vivabilgisayar.net\/wp-content\/uploads\/2025\/01\/eticaretcozumleri.png\" alt=\"\">\r\n\t\t\t\t\t\t\t\t\t<\/div>\r\n\t\t\t\t\t\t\t\t<div class=\"info\">\r\n\t\t\t\t\t<div class=\"text\">Viva Bilgisayar olarak, i\u015fletmenize \u00f6zel e-ticaret \u00e7\u00f6z\u00fcmleri sunarak, \u00e7evrimi\u00e7i sat\u0131\u015f\u0131n\u0131z\u0131 art\u0131r\u0131yor ve m\u00fc\u015fteri deneyimini iyile\u015ftiriyoruz. Modern, g\u00fcvenli ve kullan\u0131c\u0131 dostu e-ticaret platformlar\u0131yla i\u015finizi dijital ortamda b\u00fcy\u00fct\u00fcyoruz.<\/div>\r\n\t\t\t\t\t\t\t\t\t\t<div class=\"tags\">\r\n\t\t\t\t\t\t\t\t\t\t\t\t\t<a href=\"\" >#EtkiliEticaret<\/a>\r\n\t\t\t\t\t\t\t\t\t\t\t\t\t<a href=\"\" >#DijitalTicaret\u00c7\u00f6z\u00fcmleri<\/a>\r\n\t\t\t\t\t\t\t\t\t\t\t\t\t<a href=\"\" >#OnlineSat\u0131\u015fBa\u015far\u0131s\u0131<\/a>\r\n\t\t\t\t\t\t\t\t\t\t\t<\/div>\r\n\t\t\t\t<\/div>\r\n\t\t\t\t\t\t\t<\/div>\r\n\t\t\t\t\t<\/div>\r\n\t\t\t\t\t\t<\/div>\n\t\t\t\t<\/div>\n\t\t\t\t\t<\/div>\n\t\t<\/div>\n\t\t\t\t<div class=\"elementor-column elementor-col-33 elementor-inner-column elementor-element elementor-element-c33aa19\" data-id=\"c33aa19\" data-element_type=\"column\">\n\t\t\t<div class=\"elementor-widget-wrap elementor-element-populated\">\n\t\t\t\t\t\t<div class=\"elementor-element elementor-element-b95d3c4 elementor-widget elementor-widget-iteck-infobox\" data-id=\"b95d3c4\" data-element_type=\"widget\" data-widget_type=\"iteck-infobox.default\">\n\t\t\t\t<div class=\"elementor-widget-container\">\n\t\t\t\t\t\t\t<div class=\"iteck-info-box\">\r\n\t\t\t<div class=\"service_box\">\r\n\t\t\t\t\t\t\t\t<h5 >\r\n\t\t\t\t\t<a href=\"\" >Yaz\u0131l\u0131m Geli\u015ftirme<\/a> \r\n\t\t\t\t\t\t\t\t\t\t\t<span class=\"num\">03<\/span>\r\n\t\t\t\t\t\t\t\t\t<\/h5>\r\n\t\t\t\t\t\t\t\t<div class=\"icon\">\r\n\t\t\t\t\t\t\t\t\t\t\t<img decoding=\"async\" src=\"https:\/\/vivabilgisayar.net\/wp-content\/uploads\/2025\/01\/yazilimgelistirme.png\" alt=\"\">\r\n\t\t\t\t\t\t\t\t\t<\/div>\r\n\t\t\t\t\t\t\t\t<div class=\"info\">\r\n\t\t\t\t\t<div class=\"text\">Viva Bilgisayar olarak, ihtiya\u00e7lar\u0131n\u0131za \u00f6zel yaz\u0131l\u0131m geli\u015ftirme \u00e7\u00f6z\u00fcmleri sunarak i\u015fletmenizin verimlili\u011fini art\u0131r\u0131yoruz. Modern teknolojilerle tasarlad\u0131\u011f\u0131m\u0131z \u00f6zelle\u015ftirilmi\u015f yaz\u0131l\u0131mlar, i\u015f s\u00fcre\u00e7lerinizi h\u0131zland\u0131r\u0131r ve dijital d\u00f6n\u00fc\u015f\u00fcm\u00fcn\u00fcz\u00fc destekler. <\/div>\r\n\t\t\t\t\t\t\t\t\t\t<div class=\"tags\">\r\n\t\t\t\t\t\t\t\t\t\t\t\t\t<a href=\"\" >#\u00d6zelle\u015ftirilmi\u015fYaz\u0131l\u0131m<\/a>\r\n\t\t\t\t\t\t\t\t\t\t\t\t\t<a href=\"\" >#Dijital\u00c7\u00f6z\u00fcmler<\/a>\r\n\t\t\t\t\t\t\t\t\t\t\t\t\t<a href=\"\" >#Yaz\u0131l\u0131mGeli\u015ftirme<\/a>\r\n\t\t\t\t\t\t\t\t\t\t\t<\/div>\r\n\t\t\t\t<\/div>\r\n\t\t\t\t\t\t\t<\/div>\r\n\t\t\t\t\t<\/div>\r\n\t\t\t\t\t\t<\/div>\n\t\t\t\t<\/div>\n\t\t\t\t\t<\/div>\n\t\t<\/div>\n\t\t\t\t\t<\/div>\n\t\t<\/section>\n\t\t\t\t<section class=\"elementor-section elementor-inner-section elementor-element elementor-element-b834c78 elementor-section-boxed elementor-section-height-default elementor-section-height-default\" data-id=\"b834c78\" data-element_type=\"section\">\n\t\t\t\t\t\t<div class=\"elementor-container elementor-column-gap-default\">\n\t\t\t\t\t<div class=\"elementor-column elementor-col-33 elementor-inner-column elementor-element elementor-element-806a070\" data-id=\"806a070\" data-element_type=\"column\">\n\t\t\t<div class=\"elementor-widget-wrap elementor-element-populated\">\n\t\t\t\t\t\t<div class=\"elementor-element elementor-element-bf59650 elementor-widget elementor-widget-iteck-infobox\" data-id=\"bf59650\" data-element_type=\"widget\" data-widget_type=\"iteck-infobox.default\">\n\t\t\t\t<div class=\"elementor-widget-container\">\n\t\t\t\t\t\t\t<div class=\"iteck-info-box\">\r\n\t\t\t<div class=\"service_box\">\r\n\t\t\t\t\t\t\t\t<h5 >\r\n\t\t\t\t\t<a href=\"\" >Sosyal Medya Y\u00f6netim ve Grafik Tasar\u0131m<\/a> \r\n\t\t\t\t\t\t\t\t\t\t\t<span class=\"num\">04<\/span>\r\n\t\t\t\t\t\t\t\t\t<\/h5>\r\n\t\t\t\t\t\t\t\t<div class=\"icon\">\r\n\t\t\t\t\t\t\t\t\t\t\t<img decoding=\"async\" src=\"https:\/\/vivabilgisayar.net\/wp-content\/uploads\/2025\/01\/sosyalmedya.png\" alt=\"\">\r\n\t\t\t\t\t\t\t\t\t<\/div>\r\n\t\t\t\t\t\t\t\t<div class=\"info\">\r\n\t\t\t\t\t<div class=\"text\">Hedef kitlenize uygun i\u00e7erikler ve stratejilerle etkile\u015fiminizi art\u0131r\u0131yor, sosyal medya platformlar\u0131nda g\u00fc\u00e7l\u00fc bir varl\u0131k olu\u015fturuyoruz. Ayr\u0131ca, profesyonel grafik tasar\u0131m hizmetlerimizle markan\u0131z\u0131n g\u00f6rsel kimli\u011fini g\u00fc\u00e7lendiriyor, \u00f6zg\u00fcn ve etkileyici tasar\u0131mlar ile dijital imaj\u0131n\u0131z\u0131 en iyi \u015fekilde yans\u0131t\u0131yoruz. S\u00fcrd\u00fcr\u00fclebilir b\u00fcy\u00fcme i\u00e7in yarat\u0131c\u0131 ve etkili \u00e7\u00f6z\u00fcmler sunuyoruz. <\/div>\r\n\t\t\t\t\t\t\t\t\t\t<div class=\"tags\">\r\n\t\t\t\t\t\t\t\t\t\t\t\t\t<a href=\"\" >#SosyalMedyaStratejisi<\/a>\r\n\t\t\t\t\t\t\t\t\t\t\t\t\t<a href=\"\" >#MarkaY\u00f6netimi<\/a>\r\n\t\t\t\t\t\t\t\t\t\t\t\t\t<a href=\"\" >#DijitalPazarlamaY\u00f6netimi<\/a>\r\n\t\t\t\t\t\t\t\t\t\t\t<\/div>\r\n\t\t\t\t<\/div>\r\n\t\t\t\t\t\t\t<\/div>\r\n\t\t\t\t\t<\/div>\r\n\t\t\t\t\t\t<\/div>\n\t\t\t\t<\/div>\n\t\t\t\t\t<\/div>\n\t\t<\/div>\n\t\t\t\t<div class=\"elementor-column elementor-col-33 elementor-inner-column elementor-element elementor-element-12817a5\" data-id=\"12817a5\" data-element_type=\"column\">\n\t\t\t<div class=\"elementor-widget-wrap elementor-element-populated\">\n\t\t\t\t\t\t<div class=\"elementor-element elementor-element-580937e elementor-widget elementor-widget-iteck-infobox\" data-id=\"580937e\" data-element_type=\"widget\" data-widget_type=\"iteck-infobox.default\">\n\t\t\t\t<div class=\"elementor-widget-container\">\n\t\t\t\t\t\t\t<div class=\"iteck-info-box\">\r\n\t\t\t<div class=\"service_box\">\r\n\t\t\t\t\t\t\t\t<h5 >\r\n\t\t\t\t\t<a href=\"\" >Domain &amp; Hosting Hizmetleri<\/a> \r\n\t\t\t\t\t\t\t\t\t\t\t<span class=\"num\">05<\/span>\r\n\t\t\t\t\t\t\t\t\t<\/h5>\r\n\t\t\t\t\t\t\t\t<div class=\"icon\">\r\n\t\t\t\t\t\t\t\t\t\t\t<img decoding=\"async\" src=\"https:\/\/vivabilgisayar.net\/wp-content\/uploads\/2025\/01\/grafiktasarim.png\" alt=\"\">\r\n\t\t\t\t\t\t\t\t\t<\/div>\r\n\t\t\t\t\t\t\t\t<div class=\"info\">\r\n\t\t\t\t\t<div class=\"text\">\u0130nternet d\u00fcnyas\u0131nda ba\u015far\u0131l\u0131 bir dijital varl\u0131k olu\u015fturman\u0131n en \u00f6nemli ad\u0131mlar\u0131ndan biri, do\u011fru domain (alan ad\u0131) se\u00e7imi ve g\u00fc\u00e7l\u00fc bir hosting altyap\u0131s\u0131d\u0131r. Viva Bilgisayar olarak, markan\u0131z\u0131n \u00e7evrimi\u00e7i d\u00fcnyadaki kimli\u011fini olu\u015fturman\u0131z ve s\u00fcrd\u00fcr\u00fclebilir bir web deneyimi sunman\u0131z i\u00e7in profesyonel domain kayd\u0131 ve hosting hizmetleri sa\u011fl\u0131yoruz.<\/div>\r\n\t\t\t\t\t\t\t\t\t\t<div class=\"tags\">\r\n\t\t\t\t\t\t\t\t\t\t\t\t\t<a href=\"\" >#S\u0131n\u0131rs\u0131zBar\u0131nd\u0131rma\u00c7\u00f6z\u00fcmleri<\/a>\r\n\t\t\t\t\t\t\t\t\t\t\t\t\t<a href=\"\" >#H\u0131zl\u0131VeG\u00fcvenilirHosting<\/a>\r\n\t\t\t\t\t\t\t\t\t\t\t\t\t<a href=\"\" >#\u00d6zelDomain\u00c7\u00f6z\u00fcmleri<\/a>\r\n\t\t\t\t\t\t\t\t\t\t\t<\/div>\r\n\t\t\t\t<\/div>\r\n\t\t\t\t\t\t\t<\/div>\r\n\t\t\t\t\t<\/div>\r\n\t\t\t\t\t\t<\/div>\n\t\t\t\t<\/div>\n\t\t\t\t\t<\/div>\n\t\t<\/div>\n\t\t\t\t<div class=\"elementor-column elementor-col-33 elementor-inner-column elementor-element elementor-element-c0f74f1\" data-id=\"c0f74f1\" data-element_type=\"column\">\n\t\t\t<div class=\"elementor-widget-wrap elementor-element-populated\">\n\t\t\t\t\t\t<div class=\"elementor-element elementor-element-eecaa8e elementor-widget elementor-widget-iteck-infobox\" data-id=\"eecaa8e\" data-element_type=\"widget\" data-widget_type=\"iteck-infobox.default\">\n\t\t\t\t<div class=\"elementor-widget-container\">\n\t\t\t\t\t\t\t<div class=\"iteck-info-box\">\r\n\t\t\t<div class=\"service_box\">\r\n\t\t\t\t\t\t\t\t<h5 >\r\n\t\t\t\t\t<a href=\"\" >Dijital Pazarlama ve SEO \u00c7\u00f6z\u00fcmleri<\/a> \r\n\t\t\t\t\t\t\t\t\t\t\t<span class=\"num\">06<\/span>\r\n\t\t\t\t\t\t\t\t\t<\/h5>\r\n\t\t\t\t\t\t\t\t<div class=\"icon\">\r\n\t\t\t\t\t\t\t\t\t\t\t<img decoding=\"async\" src=\"https:\/\/vivabilgisayar.net\/wp-content\/uploads\/2025\/01\/seocalismalari.png\" alt=\"\">\r\n\t\t\t\t\t\t\t\t\t<\/div>\r\n\t\t\t\t\t\t\t\t<div class=\"info\">\r\n\t\t\t\t\t<div class=\"text\">Markan\u0131z\u0131 dijital d\u00fcnyada \u00f6ne \u00e7\u0131kar\u0131yoruz. Hedef kitlenize etkili bir \u015fekilde ula\u015fman\u0131z\u0131 sa\u011flayacak stratejiler geli\u015ftiriyor, SEO optimizasyonu ile arama motorlar\u0131ndaki s\u0131ralaman\u0131z\u0131 y\u00fckseltiyoruz. Yenilik\u00e7i pazarlama tekniklerimizle \u00e7evrimi\u00e7i g\u00f6r\u00fcn\u00fcrl\u00fc\u011f\u00fcn\u00fcz\u00fc art\u0131r\u0131yor ve dijital ba\u015far\u0131n\u0131z\u0131 garantiliyoruz.<\/div>\r\n\t\t\t\t\t\t\t\t\t\t<div class=\"tags\">\r\n\t\t\t\t\t\t\t\t\t\t\t\t\t<a href=\"\" >#DijitalPazarlama<\/a>\r\n\t\t\t\t\t\t\t\t\t\t\t\t\t<a href=\"\" >#SEOOptimizasyonu<\/a>\r\n\t\t\t\t\t\t\t\t\t\t\t\t\t<a href=\"\" >#\u00c7evrimi\u00e7iB\u00fcy\u00fcme<\/a>\r\n\t\t\t\t\t\t\t\t\t\t\t<\/div>\r\n\t\t\t\t<\/div>\r\n\t\t\t\t\t\t\t<\/div>\r\n\t\t\t\t\t<\/div>\r\n\t\t\t\t\t\t<\/div>\n\t\t\t\t<\/div>\n\t\t\t\t\t<\/div>\n\t\t<\/div>\n\t\t\t\t\t<\/div>\n\t\t<\/section>\n\t\t\t\t\t<\/div>\n\t\t<\/div>\n\t\t\t\t\t<\/div>\n\t\t<\/section>\n\t\t\t\t<\/div>\n\t\t","protected":false},"excerpt":{"rendered":"<p>H\u0130ZMETLER\u0130M\u0130Z Profesyonel \u00c7\u00f6z\u00fcmlerle Dijitalde \u00d6ne \u00c7\u0131k\u0131n! Kurumsal Web Tasar\u0131m 01 Viva Bilgisayar olarak, modern, mobil uyumlu ve SEO dostu web siteleriyle markan\u0131z\u0131n dijital d\u00fcnyada g\u00fc\u00e7l\u00fc bir yer edinmesini sa\u011fl\u0131yoruz. Her cihazda m\u00fckemmel \u00e7al\u0131\u015fan, kullan\u0131c\u0131 dostu aray\u00fczlerle ziyaret\u00e7ilerinizin deneyimini en \u00fcst seviyeye \u00e7\u0131kar\u0131yoruz. #WebTasar\u0131m #KurumsalWeb\u00c7\u00f6z\u00fcmleri #DijitalKimlikYaratma E-Ticaret \u00c7\u00f6z\u00fcmleri 02 Viva Bilgisayar olarak, i\u015fletmenize \u00f6zel e-ticaret \u00e7\u00f6z\u00fcmleri sunarak, \u00e7evrimi\u00e7i sat\u0131\u015f\u0131n\u0131z\u0131 art\u0131r\u0131yor ve &hellip;<\/p>\n","protected":false},"author":1,"featured_media":0,"parent":0,"menu_order":0,"comment_status":"closed","ping_status":"closed","template":"","meta":{"footnotes":""},"class_list":["post-2474","page","type-page","status-publish","hentry"],"_links":{"self":[{"href":"https:\/\/vivabilgisayar.net\/index.php\/wp-json\/wp\/v2\/pages\/2474","targetHints":{"allow":["GET"]}}],"collection":[{"href":"https:\/\/vivabilgisayar.net\/index.php\/wp-json\/wp\/v2\/pages"}],"about":[{"href":"https:\/\/vivabilgisayar.net\/index.php\/wp-json\/wp\/v2\/types\/page"}],"author":[{"embeddable":true,"href":"https:\/\/vivabilgisayar.net\/index.php\/wp-json\/wp\/v2\/users\/1"}],"replies":[{"embeddable":true,"href":"https:\/\/vivabilgisayar.net\/index.php\/wp-json\/wp\/v2\/comments?post=2474"}],"version-history":[{"count":7,"href":"https:\/\/vivabilgisayar.net\/index.php\/wp-json\/wp\/v2\/pages\/2474\/revisions"}],"predecessor-version":[{"id":2519,"href":"https:\/\/vivabilgisayar.net\/index.php\/wp-json\/wp\/v2\/pages\/2474\/revisions\/2519"}],"wp:attachment":[{"href":"https:\/\/vivabilgisayar.net\/index.php\/wp-json\/wp\/v2\/media?parent=2474"}],"curies":[{"name":"wp","href":"https:\/\/api.w.org\/{rel}","templated":true}]}}