{"id":2480,"date":"2025-01-30T16:39:27","date_gmt":"2025-01-30T13:39:27","guid":{"rendered":"https:\/\/vivabilgisayar.net\/?page_id=2480"},"modified":"2025-01-30T16:40:54","modified_gmt":"2025-01-30T13:40:54","slug":"hakkimizda","status":"publish","type":"page","link":"https:\/\/vivabilgisayar.net\/index.php\/hakkimizda\/","title":{"rendered":"Hakk\u0131m\u0131zda"},"content":{"rendered":"\t\t<div data-elementor-type=\"wp-page\" data-elementor-id=\"2480\" class=\"elementor elementor-2480\">\n\t\t\t\t\t\t<section class=\"elementor-section elementor-top-section elementor-element elementor-element-42d8fcb elementor-section-boxed elementor-section-height-default elementor-section-height-default\" data-id=\"42d8fcb\" data-element_type=\"section\">\n\t\t\t\t\t\t\t<div class=\"elementor-background-overlay\"><\/div>\n\t\t\t\t\t\t\t<div class=\"elementor-container elementor-column-gap-default\">\n\t\t\t\t\t<div class=\"elementor-column elementor-col-100 elementor-top-column elementor-element elementor-element-bd07206\" data-id=\"bd07206\" data-element_type=\"column\" data-settings=\"{&quot;background_background&quot;:&quot;gradient&quot;}\">\n\t\t\t<div class=\"elementor-widget-wrap elementor-element-populated\">\n\t\t\t\t\t<div class=\"elementor-background-overlay\"><\/div>\n\t\t\t\t\t\t<section class=\"elementor-section elementor-inner-section elementor-element elementor-element-a2fac0b elementor-section-boxed elementor-section-height-default elementor-section-height-default\" data-id=\"a2fac0b\" data-element_type=\"section\">\n\t\t\t\t\t\t<div class=\"elementor-container elementor-column-gap-default\">\n\t\t\t\t\t<div class=\"elementor-column elementor-col-50 elementor-inner-column elementor-element elementor-element-623292f\" data-id=\"623292f\" data-element_type=\"column\">\n\t\t\t<div class=\"elementor-widget-wrap elementor-element-populated\">\n\t\t\t\t\t\t<div class=\"elementor-element elementor-element-73fc316 elementor-widget elementor-widget-iteck-heading\" data-id=\"73fc316\" data-element_type=\"widget\" data-widget_type=\"iteck-heading.default\">\n\t\t\t\t<div class=\"elementor-widget-container\">\n\t\t\t\t\t<h2 class=\"iteck-heading\">Markan\u0131z\u0131 Dijitalde Zirveye Ta\u015f\u0131yoruz! <\/h2>\t\t\t\t<\/div>\n\t\t\t\t<\/div>\n\t\t\t\t<div class=\"elementor-element elementor-element-2ccb4a7 iteck-image-animation-none elementor-invisible elementor-widget elementor-widget-iteck-image\" data-id=\"2ccb4a7\" data-element_type=\"widget\" data-settings=\"{&quot;_animation&quot;:&quot;fadeInRight&quot;}\" data-widget_type=\"iteck-image.default\">\n\t\t\t\t<div class=\"elementor-widget-container\">\n\t\t\t\t\t\r\n\t\t<div class=\"iteck-image\">\r\n\r\n\t\t\t\t\t\t\t\t\t<div class=\"elementor-image\">\r\n\t\t\t\t\t\t\t\t\t\t\t\t\t\t\t\t<img fetchpriority=\"high\" decoding=\"async\" width=\"870\" height=\"654\" src=\"https:\/\/vivabilgisayar.net\/wp-content\/uploads\/2025\/01\/programming.png\" class=\"attachment-large size-large wp-image-2398\" alt=\"\" \/>\t\t\t\t\t\t\t\t\t\t\t\t\t\t\t\t\t\t\t<\/div>\r\n\t\t\t\r\n\t\t<\/div>\r\n\r\n\t\t\t\t\t\t<\/div>\n\t\t\t\t<\/div>\n\t\t\t\t\t<\/div>\n\t\t<\/div>\n\t\t\t\t<div class=\"elementor-column elementor-col-50 elementor-inner-column elementor-element elementor-element-023f7cb\" data-id=\"023f7cb\" data-element_type=\"column\">\n\t\t\t<div class=\"elementor-widget-wrap elementor-element-populated\">\n\t\t\t\t\t\t<div class=\"elementor-element elementor-element-fddb29a elementor-widget elementor-widget-iteck-heading\" data-id=\"fddb29a\" data-element_type=\"widget\" data-widget_type=\"iteck-heading.default\">\n\t\t\t\t<div class=\"elementor-widget-container\">\n\t\t\t\t\t<h6 class=\"iteck-heading\">\u0130\u015fletmenizin dijital d\u00fcnyada fark yaratmas\u0131 i\u00e7in yenilik\u00e7i ve g\u00fc\u00e7l\u00fc \u00e7\u00f6z\u00fcmler sunuyoruz. Web tasar\u0131m, yaz\u0131l\u0131m, e-ticaret ve SEO hizmetlerimizle kesintisiz ba\u015far\u0131ya ula\u015f\u0131n!<\/h6>\t\t\t\t<\/div>\n\t\t\t\t<\/div>\n\t\t\t\t<div class=\"elementor-element elementor-element-3db39b8 elementor-widget elementor-widget-iteck-heading\" data-id=\"3db39b8\" data-element_type=\"widget\" data-widget_type=\"iteck-heading.default\">\n\t\t\t\t<div class=\"elementor-widget-container\">\n\t\t\t\t\t<h6 class=\"iteck-heading\">Profesyonel web tasar\u0131m, yaz\u0131l\u0131m, e-ticaret, sosyal medya y\u00f6netimi ve SEO \u00e7\u00f6z\u00fcmlerimizle i\u015fletmenizi dijital d\u00fcnyada en \u00fcst seviyeye \u00e7\u0131kar\u0131yoruz. G\u00fc\u00e7l\u00fc ve yenilik\u00e7i \u00e7\u00f6z\u00fcmlerle markan\u0131z\u0131 gelece\u011fe ta\u015f\u0131yoruz. Mobil uyumlu ve \u015f\u0131k tasar\u0131mlar, etkili dijital pazarlama stratejileri, SEO ile arama motorlar\u0131nda \u00fcst s\u0131ralara \u00e7\u0131kma ve g\u00fc\u00e7l\u00fc, g\u00fcvenli altyap\u0131larla i\u015finizi dijitalde b\u00fcy\u00fctmenize yard\u0131mc\u0131 oluyoruz.<\/h6>\t\t\t\t<\/div>\n\t\t\t\t<\/div>\n\t\t\t\t<div class=\"elementor-element elementor-element-eee75e5 elementor-icon-list--layout-traditional elementor-list-item-link-full_width elementor-widget elementor-widget-icon-list\" data-id=\"eee75e5\" data-element_type=\"widget\" data-widget_type=\"icon-list.default\">\n\t\t\t\t<div class=\"elementor-widget-container\">\n\t\t\t\t\t\t\t<ul class=\"elementor-icon-list-items\">\n\t\t\t\t\t\t\t<li class=\"elementor-icon-list-item\">\n\t\t\t\t\t\t\t\t\t\t\t<span class=\"elementor-icon-list-icon\">\n\t\t\t\t\t\t\t<i aria-hidden=\"true\" class=\" flaticon-rocket\"><\/i>\t\t\t\t\t\t<\/span>\n\t\t\t\t\t\t\t\t\t\t<span class=\"elementor-icon-list-text\">Deneyimli ve Uzman Kadro<\/span>\n\t\t\t\t\t\t\t\t\t<\/li>\n\t\t\t\t\t\t\t\t<li class=\"elementor-icon-list-item\">\n\t\t\t\t\t\t\t\t\t\t\t<span class=\"elementor-icon-list-icon\">\n\t\t\t\t\t\t\t<i aria-hidden=\"true\" class=\" flaticon-rocket\"><\/i>\t\t\t\t\t\t<\/span>\n\t\t\t\t\t\t\t\t\t\t<span class=\"elementor-icon-list-text\">Tam Destek ve Dan\u0131\u015fmanl\u0131k<\/span>\n\t\t\t\t\t\t\t\t\t<\/li>\n\t\t\t\t\t\t\t\t<li class=\"elementor-icon-list-item\">\n\t\t\t\t\t\t\t\t\t\t\t<span class=\"elementor-icon-list-icon\">\n\t\t\t\t\t\t\t<i aria-hidden=\"true\" class=\" flaticon-rocket\"><\/i>\t\t\t\t\t\t<\/span>\n\t\t\t\t\t\t\t\t\t\t<span class=\"elementor-icon-list-text\">Yenilik\u00e7i Teknolojiler<\/span>\n\t\t\t\t\t\t\t\t\t<\/li>\n\t\t\t\t\t\t\t\t<li class=\"elementor-icon-list-item\">\n\t\t\t\t\t\t\t\t\t\t\t<span class=\"elementor-icon-list-icon\">\n\t\t\t\t\t\t\t<i aria-hidden=\"true\" class=\" flaticon-rocket\"><\/i>\t\t\t\t\t\t<\/span>\n\t\t\t\t\t\t\t\t\t\t<span class=\"elementor-icon-list-text\">\u00d6zelle\u015ftirilmi\u015f \u00c7\u00f6z\u00fcmler<\/span>\n\t\t\t\t\t\t\t\t\t<\/li>\n\t\t\t\t\t\t<\/ul>\n\t\t\t\t\t\t<\/div>\n\t\t\t\t<\/div>\n\t\t\t\t<div class=\"elementor-element elementor-element-91ef288 elementor-align-left elementor-widget elementor-widget-iteck-button\" data-id=\"91ef288\" data-element_type=\"widget\" data-widget_type=\"iteck-button.default\">\n\t\t\t\t<div class=\"elementor-widget-container\">\n\t\t\t\t\t\r\n\t\t<a href=\"https:\/\/iteck.themescamp.com\/saas\/about-5\/\"  class=\"iteck-button \">\r\n\t\t\t<span class=\"iteck-button-content-wrapper\">\r\n\t\t\t\t\t\t\t\t<span class=\"iteck-button-text\">\r\n\t\t\t\t\tH\u0130ZMETLER\u0130M\u0130Z\t\t\t\t<\/span>\r\n\t\t\t\t\t\t\t<\/span>\r\n\t\t<\/a>\r\n\r\n\t\t\t\t<\/div>\n\t\t\t\t<\/div>\n\t\t\t\t\t<\/div>\n\t\t<\/div>\n\t\t\t\t\t<\/div>\n\t\t<\/section>\n\t\t\t\t\t<\/div>\n\t\t<\/div>\n\t\t\t\t\t<\/div>\n\t\t<\/section>\n\t\t\t\t<\/div>\n\t\t","protected":false},"excerpt":{"rendered":"<p>Markan\u0131z\u0131 Dijitalde Zirveye Ta\u015f\u0131yoruz! \u0130\u015fletmenizin dijital d\u00fcnyada fark yaratmas\u0131 i\u00e7in yenilik\u00e7i ve g\u00fc\u00e7l\u00fc \u00e7\u00f6z\u00fcmler sunuyoruz. Web tasar\u0131m, yaz\u0131l\u0131m, e-ticaret ve SEO hizmetlerimizle kesintisiz ba\u015far\u0131ya ula\u015f\u0131n! Profesyonel web tasar\u0131m, yaz\u0131l\u0131m, e-ticaret, sosyal medya y\u00f6netimi ve SEO \u00e7\u00f6z\u00fcmlerimizle i\u015fletmenizi dijital d\u00fcnyada en \u00fcst seviyeye \u00e7\u0131kar\u0131yoruz. G\u00fc\u00e7l\u00fc ve yenilik\u00e7i \u00e7\u00f6z\u00fcmlerle markan\u0131z\u0131 gelece\u011fe ta\u015f\u0131yoruz. Mobil uyumlu ve \u015f\u0131k tasar\u0131mlar, etkili dijital pazarlama stratejileri, SEO &hellip;<\/p>\n","protected":false},"author":1,"featured_media":0,"parent":0,"menu_order":0,"comment_status":"closed","ping_status":"closed","template":"","meta":{"footnotes":""},"class_list":["post-2480","page","type-page","status-publish","hentry"],"_links":{"self":[{"href":"https:\/\/vivabilgisayar.net\/index.php\/wp-json\/wp\/v2\/pages\/2480","targetHints":{"allow":["GET"]}}],"collection":[{"href":"https:\/\/vivabilgisayar.net\/index.php\/wp-json\/wp\/v2\/pages"}],"about":[{"href":"https:\/\/vivabilgisayar.net\/index.php\/wp-json\/wp\/v2\/types\/page"}],"author":[{"embeddable":true,"href":"https:\/\/vivabilgisayar.net\/index.php\/wp-json\/wp\/v2\/users\/1"}],"replies":[{"embeddable":true,"href":"https:\/\/vivabilgisayar.net\/index.php\/wp-json\/wp\/v2\/comments?post=2480"}],"version-history":[{"count":7,"href":"https:\/\/vivabilgisayar.net\/index.php\/wp-json\/wp\/v2\/pages\/2480\/revisions"}],"predecessor-version":[{"id":2487,"href":"https:\/\/vivabilgisayar.net\/index.php\/wp-json\/wp\/v2\/pages\/2480\/revisions\/2487"}],"wp:attachment":[{"href":"https:\/\/vivabilgisayar.net\/index.php\/wp-json\/wp\/v2\/media?parent=2480"}],"curies":[{"name":"wp","href":"https:\/\/api.w.org\/{rel}","templated":true}]}}